{"id":562,"date":"2018-07-18T10:16:17","date_gmt":"2018-07-18T10:16:17","guid":{"rendered":"http:\/\/www.muveszetterapia.hu\/?page_id=562"},"modified":"2018-07-18T10:16:17","modified_gmt":"2018-07-18T10:16:17","slug":"kapcsolat","status":"publish","type":"page","link":"https:\/\/muveszetterapia.hu\/new\/kapcsolat\/","title":{"rendered":"Kapcsolat"},"content":{"rendered":"<p align=\"left\"><em><a href=\"https:\/\/muveszetterapia.hu\/new\/wp-content\/uploads\/2018\/07\/Gyim\u00f3thy-G\u00e1bor-fot\u00f3.-1.jpg\"><img loading=\"lazy\" decoding=\"async\" class=\"size-medium wp-image-568 alignleft\" src=\"https:\/\/muveszetterapia.hu\/new\/wp-content\/uploads\/2018\/07\/Gyim\u00f3thy-G\u00e1bor-fot\u00f3.-1-300x294.jpg\" alt=\"\" width=\"300\" height=\"294\" srcset=\"https:\/\/muveszetterapia.hu\/new\/wp-content\/uploads\/2018\/07\/Gyim\u00f3thy-G\u00e1bor-fot\u00f3.-1-300x294.jpg 300w, https:\/\/muveszetterapia.hu\/new\/wp-content\/uploads\/2018\/07\/Gyim\u00f3thy-G\u00e1bor-fot\u00f3.-1.jpg 445w\" sizes=\"auto, (max-width: 300px) 100vw, 300px\" \/><\/a>Gyim\u00f3thy G\u00e1bor<br \/>\n<\/em><\/p>\n<p align=\"left\">e-mail: kepzomuveszetterapia@gmail.com<\/p>\n<p align=\"left\">telefon: 06 30\/391-8004<\/p>\n<hr \/>\n<p align=\"left\"><a href=\"http:\/\/muveszetterapia.hu\">http:\/\/muveszetterapia.hu<\/a><\/p>\n","protected":false},"excerpt":{"rendered":"<p>Gyim\u00f3thy G\u00e1bor e-mail: kepzomuveszetterapia@gmail.com telefon: 06 30\/391-8004 http:\/\/muveszetterapia.hu<\/p>\n","protected":false},"author":1,"featured_media":0,"parent":0,"menu_order":0,"comment_status":"closed","ping_status":"closed","template":"","meta":{"footnotes":""},"class_list":["post-562","page","type-page","status-publish","hentry"],"jetpack_sharing_enabled":true,"jetpack-related-posts":[{"id":68,"url":"https:\/\/muveszetterapia.hu\/new\/bemutatkozas\/","url_meta":{"origin":562,"position":0},"title":"Bemutatkoz\u00e1s","author":"Gyim\u00f3thy G\u00e1bor","date":"febru\u00e1r 18, 2014","format":false,"excerpt":"Gyim\u00f3thy G\u00e1bor Teol\u00f3gus, ment\u00e1lhigi\u00e9n\u00e9s szakember, grafol\u00f3gus, m\u0171v\u00e9szetterapeuta. 1972-ben sz\u00fclettem Budapesten. Alapv\u00e9gzetts\u00e9gem szerint teol\u00f3gus vagyok. Tanulm\u00e1nyaimat az Esztergomi Hittudom\u00e1nyi F\u0151iskol\u00e1n \u00e9s a P\u00e1zm\u00e1ny P\u00e9ter Hittudom\u00e1nyi Akad\u00e9mi\u00e1n v\u00e9geztem 1990 \u00e9s 1997 k\u00f6zt. 1997 \u00e9s 2003 k\u00f6zt r\u00f3mai katolikus lelk\u00e9szk\u00e9nt m\u0171k\u00f6dtem. Kora di\u00e1k\u00e9veimt\u0151l komolyan foglalkoztat az EMBER megismer\u00e9se. 1998-2000-ig grafol\u00f3gi\u00e1t tanultam a Grafol\u00f3giai\u2026","rel":"","context":"Similar post","block_context":{"text":"Similar post","link":""},"img":{"alt_text":"","src":"https:\/\/i0.wp.com\/muveszetterapia.hu\/new\/wp-content\/uploads\/2018\/07\/Gyim%C3%B3thy-G%C3%A1bor-fot%C3%B3.-300x294.jpg?resize=350%2C200&ssl=1","width":350,"height":200},"classes":[]},{"id":1561,"url":"https:\/\/muveszetterapia.hu\/new\/muveszetterapias-muhelymunka\/","url_meta":{"origin":562,"position":1},"title":"M\u0171v\u00e9szetter\u00e1pi\u00e1s m\u0171helymunka","author":"Gyim\u00f3thy G\u00e1bor","date":"november 5, 2018","format":false,"excerpt":"ONLINE JELENTKEZ\u00c9S ITT Olyan alkot\u00f3 csoport-munk\u00e1ra invit\u00e1llak, ahol a j\u00f3l bev\u00e1lt m\u0171v\u00e9szetter\u00e1pi\u00e1s m\u00f3dszerek seg\u00edts\u00e9g\u00e9vel nemcsak kikapcsol\u00f3dhatsz, hanem kreativit\u00e1sodat is fejlesztheted, \u00e9s ak\u00e1r egy-egy fontos \u00e9let-k\u00e9rd\u00e9sre, \u00e9lethelyzetre is kaphatsz \u00fajabb megk\u00f6zel\u00edt\u00e9si szempontokat, m\u00f3dszereket. A csoportban alapvet\u0151en vet\u00edtett k\u00e9pek \u00e1t\u00e9l\u00e9s\u00e9vel \u00e9s rajzos megmunk\u00e1l\u00e1ssal dolgozunk zenei inspir\u00e1ci\u00f3val t\u00e1mogatva. Az alkot\u00f3 munk\u00e1t r\u00f6vid sz\u00f3beli\u2026","rel":"","context":"Similar post","block_context":{"text":"Similar post","link":""},"img":{"alt_text":"","src":"https:\/\/i0.wp.com\/muveszetterapia.hu\/new\/wp-content\/uploads\/2018\/10\/1955WV3GCP-300x169.jpg?resize=350%2C200&ssl=1","width":350,"height":200},"classes":[]},{"id":396,"url":"https:\/\/muveszetterapia.hu\/new\/zenehallgatas\/","url_meta":{"origin":562,"position":2},"title":"Zenehallgat\u00e1s","author":"Gyim\u00f3thy G\u00e1bor","date":"m\u00e1rcius 6, 2017","format":false,"excerpt":"Fest\u00e9shez, rajzol\u00e1shoz, alkot\u00e1shoz egy kis zenei seg\u00edts\u00e9g Chopin_206 - 2 Nocturnes, op.62 no.1 in B major - Andante J. S. Bach - 01-Flute Sonata in Bm,BWV 1030-Andante Chopin - 102 - Concerto for Piano and Orchestra no.1 in E minor, op.11 - 2. Romance. Larghetto Chopin - 203 - 2\u2026","rel":"","context":"Similar post","block_context":{"text":"Similar post","link":""},"img":{"alt_text":"","src":"https:\/\/i0.wp.com\/muveszetterapia.hu\/new\/wp-content\/uploads\/2025\/12\/zt1.s.png?resize=350%2C200&ssl=1","width":350,"height":200,"srcset":"https:\/\/i0.wp.com\/muveszetterapia.hu\/new\/wp-content\/uploads\/2025\/12\/zt1.s.png?resize=350%2C200&ssl=1 1x, https:\/\/i0.wp.com\/muveszetterapia.hu\/new\/wp-content\/uploads\/2025\/12\/zt1.s.png?resize=525%2C300&ssl=1 1.5x, https:\/\/i0.wp.com\/muveszetterapia.hu\/new\/wp-content\/uploads\/2025\/12\/zt1.s.png?resize=700%2C400&ssl=1 2x, https:\/\/i0.wp.com\/muveszetterapia.hu\/new\/wp-content\/uploads\/2025\/12\/zt1.s.png?resize=1050%2C600&ssl=1 3x"},"classes":[]},{"id":1917,"url":"https:\/\/muveszetterapia.hu\/new\/uzlet\/","url_meta":{"origin":562,"position":3},"title":"\u00dczlet","author":"Gyim\u00f3thy G\u00e1bor","date":"november 15, 2022","format":false,"excerpt":"","rel":"","context":"Similar post","block_context":{"text":"Similar post","link":""},"img":{"alt_text":"","src":"","width":0,"height":0},"classes":[]},{"id":1919,"url":"https:\/\/muveszetterapia.hu\/new\/kosar\/","url_meta":{"origin":562,"position":4},"title":"Kos\u00e1r","author":"Gyim\u00f3thy G\u00e1bor","date":"november 15, 2022","format":false,"excerpt":"","rel":"","context":"Similar post","block_context":{"text":"Similar post","link":""},"img":{"alt_text":"","src":"","width":0,"height":0},"classes":[]},{"id":1921,"url":"https:\/\/muveszetterapia.hu\/new\/penztar\/","url_meta":{"origin":562,"position":5},"title":"P\u00e9nzt\u00e1r","author":"Gyim\u00f3thy G\u00e1bor","date":"november 15, 2022","format":false,"excerpt":"","rel":"","context":"Similar post","block_context":{"text":"Similar post","link":""},"img":{"alt_text":"","src":"","width":0,"height":0},"classes":[]}],"_links":{"self":[{"href":"https:\/\/muveszetterapia.hu\/new\/wp-json\/wp\/v2\/pages\/562","targetHints":{"allow":["GET"]}}],"collection":[{"href":"https:\/\/muveszetterapia.hu\/new\/wp-json\/wp\/v2\/pages"}],"about":[{"href":"https:\/\/muveszetterapia.hu\/new\/wp-json\/wp\/v2\/types\/page"}],"author":[{"embeddable":true,"href":"https:\/\/muveszetterapia.hu\/new\/wp-json\/wp\/v2\/users\/1"}],"replies":[{"embeddable":true,"href":"https:\/\/muveszetterapia.hu\/new\/wp-json\/wp\/v2\/comments?post=562"}],"version-history":[{"count":0,"href":"https:\/\/muveszetterapia.hu\/new\/wp-json\/wp\/v2\/pages\/562\/revisions"}],"wp:attachment":[{"href":"https:\/\/muveszetterapia.hu\/new\/wp-json\/wp\/v2\/media?parent=562"}],"curies":[{"name":"wp","href":"https:\/\/api.w.org\/{rel}","templated":true}]}}