{"id":396,"date":"2017-03-06T15:21:22","date_gmt":"2017-03-06T15:21:22","guid":{"rendered":"http:\/\/www.muveszetterapia.hu\/?page_id=396"},"modified":"2025-12-06T10:17:01","modified_gmt":"2025-12-06T10:17:01","slug":"zenehallgatas","status":"publish","type":"page","link":"https:\/\/muveszetterapia.hu\/new\/zenehallgatas\/","title":{"rendered":"Zenehallgat\u00e1s"},"content":{"rendered":"\n<h2 class=\"wp-block-heading\"><span style=\"color: #333333;\"><strong>Fest\u00e9shez, rajzol\u00e1shoz, alkot\u00e1shoz egy kis zenei seg\u00edts\u00e9g<\/strong><\/span><\/h2>\n\n\n\n<p><\/p>\n\n\n\n<figure class=\"wp-block-audio\"><audio controls src=\"https:\/\/muveszetterapia.hu\/new\/wp-content\/uploads\/2017\/03\/Chopin_206-2-Nocturnes-op.62-no.1-in-B-major-Andante.mp3\"><\/audio><\/figure>\n\n\n\n<p>Chopin_206 &#8211; 2 Nocturnes, op.62 no.1 in B major &#8211; Andante<\/p>\n\n\n\n<figure class=\"wp-block-audio\"><audio controls src=\"https:\/\/muveszetterapia.hu\/new\/wp-content\/uploads\/2017\/03\/01-Flute-Sonata-in-BmBWV-1030-Andante.mp3\"><\/audio><\/figure>\n\n\n\n<p>J. S. Bach &#8211; 01-Flute Sonata in Bm,BWV 1030-Andante<\/p>\n\n\n\n<figure class=\"wp-block-audio\"><audio controls src=\"https:\/\/muveszetterapia.hu\/new\/wp-content\/uploads\/2017\/03\/102-Concerto-for-Piano-and-Orchestra-no.1-in-E-minor-op.11-2.-Romance.-Larghetto.mp3\"><\/audio><\/figure>\n\n\n\n<p>Chopin &#8211; 102 &#8211; Concerto for Piano and Orchestra no.1 in E minor, op.11 &#8211; 2. Romance. Larghetto<\/p>\n\n\n\n<figure class=\"wp-block-audio\"><audio controls src=\"https:\/\/muveszetterapia.hu\/new\/wp-content\/uploads\/2017\/03\/203-2-Nocturnes-op.48-no.2-in-F-sharp-minor-Andantino.mp3\"><\/audio><\/figure>\n\n\n\n<p>Chopin &#8211; 203 &#8211; 2 Nocturnes, op.48 no.2 in F-sharp minor &#8211; Andantino<\/p>\n\n\n\n<figure class=\"wp-block-audio\"><audio controls src=\"https:\/\/muveszetterapia.hu\/new\/wp-content\/uploads\/2017\/03\/02-Concerto-for-Flute-Harp-in-C-KV-299-297c-Andantino.mp3\"><\/audio><\/figure>\n\n\n\n<p>Mozart &#8211; 02 &#8211; Concerto for Flute &amp; Harp in C KV 299-297c &#8211; Andantino<\/p>\n\n\n\n<figure class=\"wp-block-audio\"><audio controls src=\"https:\/\/muveszetterapia.hu\/new\/wp-content\/uploads\/2017\/03\/05-Sonata-in-F-KV280-189e-Adagio.mp3\"><\/audio><\/figure>\n\n\n\n<p>Mozart &#8211; 05 &#8211; Sonata in F KV280-189e &#8211; Adagio<\/p>\n\n\n\n<figure class=\"wp-block-audio\"><audio controls src=\"https:\/\/muveszetterapia.hu\/new\/wp-content\/uploads\/2017\/03\/05-Flute-Concerto-in-G-KV-313-285c-Adagio-non-troppo.mp3\"><\/audio><\/figure>\n\n\n\n<p>Mozart &#8211; 05 &#8211; Flute Concerto in G&nbsp; KV 313-285c &#8211; Adagio non troppo<\/p>\n\n\n\n<figure class=\"wp-block-audio\"><audio controls src=\"https:\/\/muveszetterapia.hu\/new\/wp-content\/uploads\/2017\/03\/Mozart_04-Sonata-in-G-KV301-293a-Allegro-con-spirito.mp3\"><\/audio><\/figure>\n\n\n\n<p>&nbsp;Mozart_04 &#8211; Sonata in G KV301-293a &#8211; Allegro con spirito<\/p>\n\n\n\n<figure class=\"wp-block-audio\"><audio controls src=\"https:\/\/muveszetterapia.hu\/new\/wp-content\/uploads\/2017\/03\/10-Sonata-in-D-for-two-pianos-KV448-Allegro-con-spirito.mp3\"><\/audio><\/figure>\n\n\n\n<p>Mozart &#8211; 10 &#8211; Sonata in D for two pianos KV448 &#8211; Allegro con spirito<\/p>\n\n\n\n<figure class=\"wp-block-audio\"><audio controls src=\"https:\/\/muveszetterapia.hu\/new\/wp-content\/uploads\/2017\/03\/01-Concerto-for-Flute-Harp-in-C-KV-299-297c-Allegro.mp3\"><\/audio><\/figure>\n\n\n\n<p>Mozart &#8211; 01 &#8211; Concerto for Flute &amp; Harp in C KV 299-297c &#8211; Allegro<\/p>\n\n\n\n<figure class=\"wp-block-audio\"><audio controls src=\"https:\/\/muveszetterapia.hu\/new\/wp-content\/uploads\/2017\/03\/04-Violin-Concerto-in-EBWV-1042-Allegro.mp3\"><\/audio><\/figure>\n\n\n\n<p>J. S. Bach &#8211; 04-Violin Concerto in E,BWV 1042-Allegro<\/p>\n\n\n\n<figure class=\"wp-block-audio\"><audio controls src=\"https:\/\/muveszetterapia.hu\/new\/wp-content\/uploads\/2017\/03\/10-Concerto-RV.297-op.8-4-LInverno-1.-Allegro-non-molto.mp3\"><\/audio><\/figure>\n\n\n\n<p>A. Vivaldi &#8211; 10 &#8211; Concerto RV.297 op.8-4 L&#8217;Inverno &#8211; 1. Allegro non molto<\/p>\n\n\n\n<figure class=\"wp-block-audio\"><audio controls src=\"https:\/\/muveszetterapia.hu\/new\/wp-content\/uploads\/2017\/03\/103-3-Nocturnes-op.9-no.3-in-B-major-Alegretto.mp3\"><\/audio><\/figure>\n\n\n\n<p>Chopin &#8211; 103 &#8211; 3 Nocturnes, op.9 no.3 in B major &#8211; Alegretto<\/p>\n\n\n\n<figure class=\"wp-block-audio\"><audio controls src=\"https:\/\/muveszetterapia.hu\/new\/wp-content\/uploads\/2017\/03\/106-Concerto-for-Piano-and-Orchestra-no.2-in-F-minor-op.21-3.-Allegro-vivace.mp3\"><\/audio><\/figure>\n\n\n\n<p>Chopin -106 &#8211; Concerto for Piano and Orchestra no.2 in F minor, op.21 &#8211; 3. Allegro vivace<\/p>\n\n\n\n<figure class=\"wp-block-audio\"><audio controls src=\"https:\/\/muveszetterapia.hu\/new\/wp-content\/uploads\/2017\/03\/04-Flute-Sonata-in-ABWV-1032-Vivace.mp3\"><\/audio><\/figure>\n\n\n\n<p>J. S. Bach &#8211; 04-Flute Sonata in A,BWV 1032-Vivace<\/p>\n\n\n\n<figure class=\"wp-block-audio\"><audio controls src=\"https:\/\/muveszetterapia.hu\/new\/wp-content\/uploads\/2017\/03\/06-Concerto-RV.315-op.8-2-LEstate-3.-Presto.mp3\"><\/audio><\/figure>\n\n\n\n<p>A. Vivaldi &#8211; 06 &#8211; Concerto RV.315 op.8-2 L&#8217;Estate &#8211; 3. Presto<\/p>\n\n\n\n<figure class=\"wp-block-audio\"><audio controls src=\"https:\/\/muveszetterapia.hu\/new\/wp-content\/uploads\/2017\/03\/01-Allegro-non-troppo-e-molto-maestoso.mp3\"><\/audio><\/figure>\n\n\n\n<p>Csajkovszkij_Piano Concerto No. 1. in B Flat Minor, opus 23 &#8211; 01 Allegro non troppo e molto maestoso<\/p>\n\n\n\n<figure class=\"wp-block-audio\"><audio controls src=\"https:\/\/muveszetterapia.hu\/new\/wp-content\/uploads\/2017\/03\/Vedres-Csaba-Gyim\u00f3thy-G\u00e1bor-Pszichogramm\u00e1k.mp3\"><\/audio><\/figure>\n\n\n\n<figure class=\"wp-block-image size-large\"><img loading=\"lazy\" decoding=\"async\" width=\"1024\" height=\"571\" src=\"https:\/\/muveszetterapia.hu\/new\/wp-content\/uploads\/2025\/12\/zt1.s-1024x571.png\" alt=\"\" class=\"wp-image-2546\" srcset=\"https:\/\/muveszetterapia.hu\/new\/wp-content\/uploads\/2025\/12\/zt1.s-1024x571.png 1024w, https:\/\/muveszetterapia.hu\/new\/wp-content\/uploads\/2025\/12\/zt1.s-300x167.png 300w, https:\/\/muveszetterapia.hu\/new\/wp-content\/uploads\/2025\/12\/zt1.s-768x428.png 768w, https:\/\/muveszetterapia.hu\/new\/wp-content\/uploads\/2025\/12\/zt1.s-600x335.png 600w, https:\/\/muveszetterapia.hu\/new\/wp-content\/uploads\/2025\/12\/zt1.s.png 1101w\" sizes=\"auto, (max-width: 1024px) 100vw, 1024px\" \/><\/figure>\n\n\n\n<p><\/p>\n\n\n\n<hr class=\"wp-block-separator has-alpha-channel-opacity\"\/>\n\n\n\n<p><em><strong>Zen\u00e9s vide\u00f3k<\/strong><\/em><\/p>\n\n\n\n<p>Vedres Csaba &#8211; Pszichogramm\u00e1k r\u00e9szlet (2009.)<\/p>\n\n\n\n<p><iframe loading=\"lazy\" title=\"Vedres Csaba - Gyim\u00f3thy G\u00e1bor: Pszichogramm\u00e1k\" width=\"1333\" height=\"1000\" src=\"https:\/\/www.youtube.com\/embed\/jkgfb0jKUok?feature=oembed\" frameborder=\"0\" allow=\"accelerometer; autoplay; clipboard-write; encrypted-media; gyroscope; picture-in-picture; web-share\" referrerpolicy=\"strict-origin-when-cross-origin\" allowfullscreen><\/iframe><\/p>\n\n\n\n<p>&nbsp;<\/p>\n\n\n\n<p><iframe loading=\"lazy\" title=\"La Liturgie Slavonne\" width=\"1333\" height=\"1000\" src=\"https:\/\/www.youtube.com\/embed\/Kbe3zIS_THk?feature=oembed\" frameborder=\"0\" allow=\"accelerometer; autoplay; clipboard-write; encrypted-media; gyroscope; picture-in-picture; web-share\" referrerpolicy=\"strict-origin-when-cross-origin\" allowfullscreen><\/iframe><\/p>\n\n\n\n<p>&nbsp;<\/p>\n\n\n\n<p><iframe loading=\"lazy\" title=\"Nature Sounds &amp; Classical Piano Music by Frederic Chopin-Sound of Water &amp; Birds Singing-\" width=\"1778\" height=\"1000\" src=\"https:\/\/www.youtube.com\/embed\/fa5OrJmCPhU?feature=oembed\" frameborder=\"0\" allow=\"accelerometer; autoplay; clipboard-write; encrypted-media; gyroscope; picture-in-picture; web-share\" referrerpolicy=\"strict-origin-when-cross-origin\" allowfullscreen><\/iframe><\/p>\n\n\n\n<p><iframe loading=\"lazy\" title=\"3 Hours of Beautiful Piano, Harp, Cello, Flute &amp; Violin Music\" width=\"1778\" height=\"1000\" src=\"https:\/\/www.youtube.com\/embed\/Mx6xkyi5Ij8?feature=oembed\" frameborder=\"0\" allow=\"accelerometer; autoplay; clipboard-write; encrypted-media; gyroscope; picture-in-picture; web-share\" referrerpolicy=\"strict-origin-when-cross-origin\" allowfullscreen><\/iframe><\/p>\n\n\n\n<p><iframe loading=\"lazy\" title=\"Autumn Colors: Beautiful Romantic Music with Piano, Cello, Guitar &amp; Violin by Peder B. Helland\" width=\"1778\" height=\"1000\" src=\"https:\/\/www.youtube.com\/embed\/aXYtJB7Qslk?feature=oembed\" frameborder=\"0\" allow=\"accelerometer; autoplay; clipboard-write; encrypted-media; gyroscope; picture-in-picture; web-share\" referrerpolicy=\"strict-origin-when-cross-origin\" allowfullscreen><\/iframe><\/p>\n\n\n\n<p><iframe loading=\"lazy\" title=\"Forest Birdsong - Relaxing Nature Sounds - Birds Chirping - REALTIME - NO LOOP - 2 Hours - HD 1080p\" width=\"1778\" height=\"1000\" src=\"https:\/\/www.youtube.com\/embed\/Qm846KdZN_c?feature=oembed\" frameborder=\"0\" allow=\"accelerometer; autoplay; clipboard-write; encrypted-media; gyroscope; picture-in-picture; web-share\" referrerpolicy=\"strict-origin-when-cross-origin\" allowfullscreen><\/iframe><\/p>\n\n\n\n<p><iframe loading=\"lazy\" title=\"Nature Therapy: Relaxing Full Motion Forestry with Natural Sounds\" width=\"1778\" height=\"1000\" src=\"https:\/\/www.youtube.com\/embed\/Kb8CW3axqRE?feature=oembed\" frameborder=\"0\" allow=\"accelerometer; autoplay; clipboard-write; encrypted-media; gyroscope; picture-in-picture; web-share\" referrerpolicy=\"strict-origin-when-cross-origin\" allowfullscreen><\/iframe><\/p>\n\n\n\n<p><iframe loading=\"lazy\" title=\"Classic Jazz Standards | Jazz Saxophone Classics | Classic Jazz Instrumental Music | Soft Jazz Mix\" width=\"1778\" height=\"1000\" src=\"https:\/\/www.youtube.com\/embed\/bBiRHqTQmG0?feature=oembed\" frameborder=\"0\" allow=\"accelerometer; autoplay; clipboard-write; encrypted-media; gyroscope; picture-in-picture; web-share\" referrerpolicy=\"strict-origin-when-cross-origin\" allowfullscreen><\/iframe><\/p>\n\n\n\n<p><iframe loading=\"lazy\" title=\"3 HOURS Relaxing Music &quot;Evening Meditation&quot; Background for Yoga, Massage, Spa\" width=\"1778\" height=\"1000\" src=\"https:\/\/www.youtube.com\/embed\/QZbuj3RJcjI?feature=oembed\" frameborder=\"0\" allow=\"accelerometer; autoplay; clipboard-write; encrypted-media; gyroscope; picture-in-picture; web-share\" referrerpolicy=\"strict-origin-when-cross-origin\" allowfullscreen><\/iframe><\/p>\n","protected":false},"excerpt":{"rendered":"<p>Fest\u00e9shez, rajzol\u00e1shoz, alkot\u00e1shoz egy kis zenei seg\u00edts\u00e9g Chopin_206 &#8211; 2 Nocturnes, op.62 no.1 in B major &#8211; Andante J. S. Bach &#8211; 01-Flute Sonata in&hellip; <\/p>\n","protected":false},"author":1,"featured_media":0,"parent":0,"menu_order":0,"comment_status":"closed","ping_status":"closed","template":"","meta":{"footnotes":""},"class_list":["post-396","page","type-page","status-publish","hentry"],"jetpack_sharing_enabled":true,"jetpack-related-posts":[{"id":141,"url":"https:\/\/muveszetterapia.hu\/new\/cikkek\/","url_meta":{"origin":396,"position":0},"title":"Mozaikok","author":"Gyim\u00f3thy G\u00e1bor","date":"febru\u00e1r 19, 2014","format":false,"excerpt":"Az \u00e1lomr\u00f3l Ha \u00e1lmainkat k\u00e9pekben megjelen\u00edtj\u00fck, k\u00f6nnyebben meg\u00e9rtj\u00fck azok bels\u0151, szem\u00e9lyes \u00e9rzelmi tartalm\u00e1t. Ez\u00a0 a tartalom sokr\u00e9teg\u0171, nem is mindig f\u00e9r\u00fcnk, f\u00e9rhet\u00fcnk hozz\u00e1 az \u00f6sszes jelent\u00e9shez. Az aktu\u00e1lis, \u00e9bred\u00e9s ut\u00e1ni \u00e9rzelem ment\u00e9n \u00e9rdemes elindulni a f\u00f6lfedez\u0151 \u00faton. N\u00e9h\u00e1ny gondolat az \u00e1lmok feldolgoz\u00e1s\u00e1hoz C. G. Jungt\u00f3l: \" Minden \u00e1lom inform\u00e1l\u00f3 \u00e9s\u2026","rel":"","context":"Similar post","block_context":{"text":"Similar post","link":""},"img":{"alt_text":"hegyem_1024","src":"https:\/\/i0.wp.com\/muveszetterapia.hu\/new\/wp-content\/uploads\/2014\/04\/hegyem_1024-300x212.jpg?resize=350%2C200&ssl=1","width":350,"height":200},"classes":[]}],"_links":{"self":[{"href":"https:\/\/muveszetterapia.hu\/new\/wp-json\/wp\/v2\/pages\/396","targetHints":{"allow":["GET"]}}],"collection":[{"href":"https:\/\/muveszetterapia.hu\/new\/wp-json\/wp\/v2\/pages"}],"about":[{"href":"https:\/\/muveszetterapia.hu\/new\/wp-json\/wp\/v2\/types\/page"}],"author":[{"embeddable":true,"href":"https:\/\/muveszetterapia.hu\/new\/wp-json\/wp\/v2\/users\/1"}],"replies":[{"embeddable":true,"href":"https:\/\/muveszetterapia.hu\/new\/wp-json\/wp\/v2\/comments?post=396"}],"version-history":[{"count":5,"href":"https:\/\/muveszetterapia.hu\/new\/wp-json\/wp\/v2\/pages\/396\/revisions"}],"predecessor-version":[{"id":2547,"href":"https:\/\/muveszetterapia.hu\/new\/wp-json\/wp\/v2\/pages\/396\/revisions\/2547"}],"wp:attachment":[{"href":"https:\/\/muveszetterapia.hu\/new\/wp-json\/wp\/v2\/media?parent=396"}],"curies":[{"name":"wp","href":"https:\/\/api.w.org\/{rel}","templated":true}]}}