{"id":2055,"date":"2024-02-22T10:03:46","date_gmt":"2024-02-22T10:03:46","guid":{"rendered":"https:\/\/muveszetterapia.hu\/new\/?page_id=2055"},"modified":"2024-02-22T10:05:33","modified_gmt":"2024-02-22T10:05:33","slug":"letoltheto-tartalmak","status":"publish","type":"page","link":"https:\/\/muveszetterapia.hu\/new\/letoltheto-tartalmak\/","title":{"rendered":"Let\u00f6lthet\u0151 tartalmak"},"content":{"rendered":"<div class=\"passster-form\" id=\"ps-251\">\r\n    <form class=\"password-form\" method=\"post\" autocomplete=\"off\" target=\"_top\">\r\n        <span class=\"ps-form-headline\">Korl\u00e1tozott tartalmak<\/span>\r\n        <p>Az oldalra jelsz\u00f3val tudsz bel\u00e9pni.<\/p>\r\n        <fieldset>\r\n            <span class=\"ps-loader\"><img decoding=\"async\" src=\"https:\/\/muveszetterapia.hu\/new\/wp-content\/plugins\/content-protector\/assets\/public\/ps-loader.svg\" alt=\"\" \/><\/span>\r\n            <label for=\"input-ps-251\" style=\"display:none;\">Enter your password<\/label>\r\n            <input placeholder=\"\u00cdrd be jelszavadat!\" type=\"password\" tabindex=\"1\" name=\"passster_password\"\r\n                   id=\"input-ps-251\" class=\"passster-password\" autocomplete=\"off\"\r\n                   data-protection-type=\"password\" data-list=\"[PASSSTER_LIST]\" data-lists=\"[PASSSTER_LISTS]\" data-area=\"[PASSSTER_AREA]\"\r\n                   data-protection=\"full\">\r\n            \r\n            <button name=\"submit\" type=\"submit\" class=\"passster-submit\" data-psid=\"ps-251\" \r\n                    data-submit=\"...Checking Password\" data-redirect=\"\">Z\u00e1rva\r\n            <\/button>\r\n            <div class=\"passster-error\"><\/div>\r\n        <\/fieldset>\r\n    <\/form>\r\n<\/div>","protected":false},"excerpt":{"rendered":"<div class=\"passster-form\" id=\"ps-635\">\n<form class=\"password-form\" method=\"post\" autocomplete=\"off\" target=\"_top\">\n        <span class=\"ps-form-headline\">Korl\u00e1tozott tartalmak<\/span><\/p>\n<p>Az oldalra jelsz\u00f3val tudsz bel\u00e9pni.<\/p>\n<fieldset>\n            <span class=\"ps-loader\"><img decoding=\"async\" src=\"https:\/\/muveszetterapia.hu\/new\/wp-content\/plugins\/content-protector\/assets\/public\/ps-loader.svg\" alt=\"\" \/><\/span><br \/>\n            <label for=\"input-ps-635\" style=\"display:none;\">Enter your password<\/label><br \/>\n            <input placeholder=\"\u00cdrd be jelszavadat!\" type=\"password\" tabindex=\"1\" name=\"passster_password\"\n                   id=\"input-ps-635\" class=\"passster-password\" autocomplete=\"off\"\n                   data-protection-type=\"password\" data-list=\"[PASSSTER_LIST]\" data-lists=\"[PASSSTER_LISTS]\" data-area=\"[PASSSTER_AREA]\"\n                   data-protection=\"full\"><\/p>\n<p>            <button name=\"submit\" type=\"submit\" class=\"passster-submit\" data-psid=\"ps-635\" \n                    data-submit=\"...Checking Password\" data-redirect=\"\">Z\u00e1rva<br \/>\n            <\/button><\/p>\n<div class=\"passster-error\"><\/div>\n<\/fieldset><\/form>\n<\/div>\n","protected":false},"author":1,"featured_media":1865,"parent":0,"menu_order":0,"comment_status":"closed","ping_status":"closed","template":"","meta":{"footnotes":""},"class_list":["post-2055","page","type-page","status-publish","has-post-thumbnail","hentry"],"jetpack_sharing_enabled":true,"jetpack-related-posts":[{"id":72,"url":"https:\/\/muveszetterapia.hu\/new\/linkek\/","url_meta":{"origin":2055,"position":0},"title":"Linkek","author":"Gyim\u00f3thy G\u00e1bor","date":"febru\u00e1r 18, 2014","format":false,"excerpt":"AJ\u00c1NLOTT LINKEK Vedres Csaba lemezei a dalok.hu-n Komlex Alkot\u00e1ster\u00e1pi\u00e1sK\u00e9pz\u00e1s - Humanhub - tov\u00e1bbi friss k\u00e9pz\u00e9sek, tanfolyamok Magyar Zeneter\u00e1pi\u00e1s Egyes\u00fclet Szem\u00e9lyis\u00e9gfejleszt\u00e9s komplex zeneter\u00e1pi\u00e1val - 120 \u00f3r\u00e1s k\u00e9pz\u00e9s az ELTE BGGYK-n Grafol\u00f3gia k\u00e9pz\u00e9s - Luk\u00e1cs Oktat\u00e1si K\u00f6zpont Gyanits Ildik\u00f3 m\u0171v\u00e9szetter\u00e1pi\u00e1s oldala \u00e9s Facebook oldala M\u0171v\u00e9szetter\u00e1pia Szombathelyen P\u00e9csi Tudom\u00e1nyegyetem M\u0171v\u00e9szeti Kar, M\u0171v\u00e9szetter\u00e1pia Szak\u2026","rel":"","context":"Similar post","block_context":{"text":"Similar post","link":""},"img":{"alt_text":"","src":"https:\/\/i0.wp.com\/img.youtube.com\/vi\/jkgfb0jKUok\/0.jpg?resize=350%2C200","width":350,"height":200},"classes":[]},{"id":1639,"url":"https:\/\/muveszetterapia.hu\/new\/a-muveszetterapiarol\/","url_meta":{"origin":2055,"position":1},"title":"A m\u0171v\u00e9szetter\u00e1pi\u00e1r\u00f3l","author":"Gyim\u00f3thy G\u00e1bor","date":"febru\u00e1r 16, 2014","format":false,"excerpt":"A m\u0171v\u00e9szetter\u00e1pia olyan kreat\u00edv tev\u00e9kenys\u00e9g, mely sor\u00e1n az alkot\u00f3 illetve befogad\u00f3 szem\u00e9ly szavakkal alig vagy szavakkal nem kifejezhet\u0151 tartalmakkal tal\u00e1lkozik. P\u00e9ld\u00e1ul nehezen megfogalmazhat\u00f3 \u00e9rzelmekkel, eml\u00e9kekkel, konfliktusokkal, gondolatokkal. A m\u0171v\u00e9szetter\u00e1pia k\u00e9pz\u0151m\u0171v\u00e9szeti \u00e1ga ezeket a tapasztalatokat k\u00e9zzelfoghat\u00f3 alkot\u00e1s seg\u00edts\u00e9g\u00e9vel jelen\u00edtheti meg \u00e9s tudatos\u00edthatja azokat.\u00a0 Ez az alkot\u00e1s lehet egy p\u00e1r vonalas rajz,\u2026","rel":"","context":"Similar post","block_context":{"text":"Similar post","link":""},"img":{"alt_text":"","src":"https:\/\/i0.wp.com\/muveszetterapia.hu\/new\/wp-content\/uploads\/2025\/12\/mt1.s.png?resize=350%2C200&ssl=1","width":350,"height":200,"srcset":"https:\/\/i0.wp.com\/muveszetterapia.hu\/new\/wp-content\/uploads\/2025\/12\/mt1.s.png?resize=350%2C200&ssl=1 1x, https:\/\/i0.wp.com\/muveszetterapia.hu\/new\/wp-content\/uploads\/2025\/12\/mt1.s.png?resize=525%2C300&ssl=1 1.5x, https:\/\/i0.wp.com\/muveszetterapia.hu\/new\/wp-content\/uploads\/2025\/12\/mt1.s.png?resize=700%2C400&ssl=1 2x, https:\/\/i0.wp.com\/muveszetterapia.hu\/new\/wp-content\/uploads\/2025\/12\/mt1.s.png?resize=1050%2C600&ssl=1 3x"},"classes":[]},{"id":1561,"url":"https:\/\/muveszetterapia.hu\/new\/muveszetterapias-muhelymunka\/","url_meta":{"origin":2055,"position":2},"title":"M\u0171v\u00e9szetter\u00e1pi\u00e1s m\u0171helymunka","author":"Gyim\u00f3thy G\u00e1bor","date":"november 5, 2018","format":false,"excerpt":"ONLINE JELENTKEZ\u00c9S ITT Olyan alkot\u00f3 csoport-munk\u00e1ra invit\u00e1llak, ahol a j\u00f3l bev\u00e1lt m\u0171v\u00e9szetter\u00e1pi\u00e1s m\u00f3dszerek seg\u00edts\u00e9g\u00e9vel nemcsak kikapcsol\u00f3dhatsz, hanem kreativit\u00e1sodat is fejlesztheted, \u00e9s ak\u00e1r egy-egy fontos \u00e9let-k\u00e9rd\u00e9sre, \u00e9lethelyzetre is kaphatsz \u00fajabb megk\u00f6zel\u00edt\u00e9si szempontokat, m\u00f3dszereket. A csoportban alapvet\u0151en vet\u00edtett k\u00e9pek \u00e1t\u00e9l\u00e9s\u00e9vel \u00e9s rajzos megmunk\u00e1l\u00e1ssal dolgozunk zenei inspir\u00e1ci\u00f3val t\u00e1mogatva. Az alkot\u00f3 munk\u00e1t r\u00f6vid sz\u00f3beli\u2026","rel":"","context":"Similar post","block_context":{"text":"Similar post","link":""},"img":{"alt_text":"","src":"https:\/\/i0.wp.com\/muveszetterapia.hu\/new\/wp-content\/uploads\/2018\/10\/1955WV3GCP-300x169.jpg?resize=350%2C200&ssl=1","width":350,"height":200},"classes":[]},{"id":2304,"url":"https:\/\/muveszetterapia.hu\/new\/keszits-vizualis-naplot-onfejleszo-muhely-1-gyakorlat\/","url_meta":{"origin":2055,"position":3},"title":"K\u00e9sz\u00edts vizu\u00e1lis napl\u00f3t &#8211; \u00d6nfejleszt\u0151 m\u0171hely &#8211; 1. gyakorlat","author":"Gyim\u00f3thy G\u00e1bor","date":"\u00e1prilis 16, 2025","format":false,"excerpt":"1. Gyakorlat: K\u00e9sz\u00edts vizu\u00e1lis napl\u00f3t! Els\u0151k\u00e9nt szeretn\u00e9lek invit\u00e1lni egy kis rajzol\u00e1sra, firk\u00e1l\u00e1sra, ahol b\u00e1tran kifejezheted a gondolataidat. K\u00e9sz\u00edtettem neked egy RAJZOL\u00d3 FEL\u00dcLETET VIZU\u00c1LIS NAPL\u00d3VAL KIEG\u00c9SZ\u00cdTVE, ahol \u00f6tletelhetsz, tervezgethetsz, \u00e9s szabadon alkothatsz. Ez a lehet\u0151s\u00e9g nemcsak a kreativit\u00e1sod szabadj\u00e1ra enged\u00e9s\u00e9re ad alkalmat, hanem arra is, hogy meg\u00f6r\u00f6k\u00edtsd azokat az inspir\u00e1l\u00f3 pillanatokat,\u2026","rel":"","context":"Similar post","block_context":{"text":"Similar post","link":""},"img":{"alt_text":"","src":"https:\/\/i0.wp.com\/muveszetterapia.hu\/new\/wp-content\/uploads\/2018\/10\/VW4AEQQGCY.jpg?resize=350%2C200&ssl=1","width":350,"height":200},"classes":[]},{"id":141,"url":"https:\/\/muveszetterapia.hu\/new\/cikkek\/","url_meta":{"origin":2055,"position":4},"title":"Mozaikok","author":"Gyim\u00f3thy G\u00e1bor","date":"febru\u00e1r 19, 2014","format":false,"excerpt":"Az \u00e1lomr\u00f3l Ha \u00e1lmainkat k\u00e9pekben megjelen\u00edtj\u00fck, k\u00f6nnyebben meg\u00e9rtj\u00fck azok bels\u0151, szem\u00e9lyes \u00e9rzelmi tartalm\u00e1t. Ez\u00a0 a tartalom sokr\u00e9teg\u0171, nem is mindig f\u00e9r\u00fcnk, f\u00e9rhet\u00fcnk hozz\u00e1 az \u00f6sszes jelent\u00e9shez. Az aktu\u00e1lis, \u00e9bred\u00e9s ut\u00e1ni \u00e9rzelem ment\u00e9n \u00e9rdemes elindulni a f\u00f6lfedez\u0151 \u00faton. N\u00e9h\u00e1ny gondolat az \u00e1lmok feldolgoz\u00e1s\u00e1hoz C. G. Jungt\u00f3l: \" Minden \u00e1lom inform\u00e1l\u00f3 \u00e9s\u2026","rel":"","context":"Similar post","block_context":{"text":"Similar post","link":""},"img":{"alt_text":"hegyem_1024","src":"https:\/\/i0.wp.com\/muveszetterapia.hu\/new\/wp-content\/uploads\/2014\/04\/hegyem_1024-300x212.jpg?resize=350%2C200&ssl=1","width":350,"height":200},"classes":[]}],"_links":{"self":[{"href":"https:\/\/muveszetterapia.hu\/new\/wp-json\/wp\/v2\/pages\/2055","targetHints":{"allow":["GET"]}}],"collection":[{"href":"https:\/\/muveszetterapia.hu\/new\/wp-json\/wp\/v2\/pages"}],"about":[{"href":"https:\/\/muveszetterapia.hu\/new\/wp-json\/wp\/v2\/types\/page"}],"author":[{"embeddable":true,"href":"https:\/\/muveszetterapia.hu\/new\/wp-json\/wp\/v2\/users\/1"}],"replies":[{"embeddable":true,"href":"https:\/\/muveszetterapia.hu\/new\/wp-json\/wp\/v2\/comments?post=2055"}],"version-history":[{"count":3,"href":"https:\/\/muveszetterapia.hu\/new\/wp-json\/wp\/v2\/pages\/2055\/revisions"}],"predecessor-version":[{"id":2061,"href":"https:\/\/muveszetterapia.hu\/new\/wp-json\/wp\/v2\/pages\/2055\/revisions\/2061"}],"wp:featuredmedia":[{"embeddable":true,"href":"https:\/\/muveszetterapia.hu\/new\/wp-json\/wp\/v2\/media\/1865"}],"wp:attachment":[{"href":"https:\/\/muveszetterapia.hu\/new\/wp-json\/wp\/v2\/media?parent=2055"}],"curies":[{"name":"wp","href":"https:\/\/api.w.org\/{rel}","templated":true}]}}