{"id":1923,"date":"2022-11-15T11:58:05","date_gmt":"2022-11-15T11:58:05","guid":{"rendered":"https:\/\/muveszetterapia.hu\/new\/fiokom\/"},"modified":"2022-11-15T11:58:05","modified_gmt":"2022-11-15T11:58:05","slug":"fiokom","status":"publish","type":"page","link":"https:\/\/muveszetterapia.hu\/new\/fiokom\/","title":{"rendered":"Fi\u00f3kom"},"content":{"rendered":"<div class=\"woocommerce\"><\/div>\n","protected":false},"excerpt":{"rendered":"","protected":false},"author":1,"featured_media":0,"parent":0,"menu_order":0,"comment_status":"closed","ping_status":"closed","template":"","meta":{"footnotes":""},"class_list":["post-1923","page","type-page","status-publish","hentry"],"jetpack_sharing_enabled":true,"jetpack-related-posts":[{"id":2278,"url":"https:\/\/muveszetterapia.hu\/new\/meselo-foltok-onfejleszto-muhely-2-gyakorlat\/","url_meta":{"origin":1923,"position":0},"title":"Mes\u00e9l\u0151 foltok &#8211; \u00d6nfejleszt\u0151 m\u0171hely &#8211; 2. gyakorlat","author":"Gyim\u00f3thy G\u00e1bor","date":"\u00e1prilis 16, 2025","format":false,"excerpt":"Ebben a gyakorlatban a szabad asszoci\u00e1ci\u00f3 lehet\u0151s\u00e9geivel ismerked\u00fcnk. Ha van otthon tus vagy tinta a fi\u00f3kodban, akkor egy keveset t\u00f6lts ki egy kis t\u00e1lba. Ez b\u00e1rmilyen sz\u00edn\u0171 tinta lehet. \u00c9n p\u00e9ld\u00e1ul nagyon szeretem a sepia (barna) sz\u00edn\u0171 tint\u00e1t haszn\u00e1lni. A ki\u00f6nt\u00f6tt tint\u00e1ba egy \u00f6sszegy\u0171rt pap\u00edrzsepit finoman m\u00e1rts bele, majd egy\u2026","rel":"","context":"Similar post","block_context":{"text":"Similar post","link":""},"img":{"alt_text":"","src":"https:\/\/i0.wp.com\/muveszetterapia.hu\/new\/wp-content\/uploads\/2025\/04\/20250416084907-150x150.jpg?resize=350%2C200&ssl=1","width":350,"height":200,"srcset":"https:\/\/i0.wp.com\/muveszetterapia.hu\/new\/wp-content\/uploads\/2025\/04\/20250416084907-150x150.jpg?resize=350%2C200&ssl=1 1x, https:\/\/i0.wp.com\/muveszetterapia.hu\/new\/wp-content\/uploads\/2025\/04\/20250416084907-150x150.jpg?resize=525%2C300&ssl=1 1.5x, https:\/\/i0.wp.com\/muveszetterapia.hu\/new\/wp-content\/uploads\/2025\/04\/20250416084907-150x150.jpg?resize=700%2C400&ssl=1 2x, https:\/\/i0.wp.com\/muveszetterapia.hu\/new\/wp-content\/uploads\/2025\/04\/20250416084907-150x150.jpg?resize=1050%2C600&ssl=1 3x, https:\/\/i0.wp.com\/muveszetterapia.hu\/new\/wp-content\/uploads\/2025\/04\/20250416084907-150x150.jpg?resize=1400%2C800&ssl=1 4x"},"classes":[]}],"_links":{"self":[{"href":"https:\/\/muveszetterapia.hu\/new\/wp-json\/wp\/v2\/pages\/1923","targetHints":{"allow":["GET"]}}],"collection":[{"href":"https:\/\/muveszetterapia.hu\/new\/wp-json\/wp\/v2\/pages"}],"about":[{"href":"https:\/\/muveszetterapia.hu\/new\/wp-json\/wp\/v2\/types\/page"}],"author":[{"embeddable":true,"href":"https:\/\/muveszetterapia.hu\/new\/wp-json\/wp\/v2\/users\/1"}],"replies":[{"embeddable":true,"href":"https:\/\/muveszetterapia.hu\/new\/wp-json\/wp\/v2\/comments?post=1923"}],"version-history":[{"count":0,"href":"https:\/\/muveszetterapia.hu\/new\/wp-json\/wp\/v2\/pages\/1923\/revisions"}],"wp:attachment":[{"href":"https:\/\/muveszetterapia.hu\/new\/wp-json\/wp\/v2\/media?parent=1923"}],"curies":[{"name":"wp","href":"https:\/\/api.w.org\/{rel}","templated":true}]}}